{"id":1073,"date":"2016-11-29T08:44:39","date_gmt":"2016-11-29T08:44:39","guid":{"rendered":"http:\/\/demo.oceanthemes.net\/archi\/version-light\/?page_id=1073"},"modified":"2024-04-17T11:04:00","modified_gmt":"2024-04-17T11:04:00","slug":"homepage-new-2","status":"publish","type":"page","link":"https:\/\/luatsu-ssac.group\/","title":{"rendered":"Trang ch\u1ee7"},"content":{"rendered":"<p>[vc_row fullwidth=&#8221;yes&#8221; archi_fullheight=&#8221;yes&#8221; archi_parallax=&#8221;yes&#8221; css=&#8221;.vc_custom_1713351840918{padding-top: 90px !important;padding-bottom: 90px !important;background-image: url(https:\/\/luatsu-ssac.group\/wp-content\/uploads\/2021\/04\/ssac_banner_01.jpg?id=1404) !important;}&#8221; el_class=&#8221;no-relative full-height&#8221;][vc_column]\t\n   \t<!-- Element: OT Home Parallax -->\n    <div class=\"center-y text-center\">\n    \t\t        <div class=\"teaser-text\"  >\n\t            YOUR LEGAL SOLUTION\t        <\/div>\n                <div class=\"spacer-single\"><\/div>\n        <div class=\"text-slider border-deco\">\n        \t\t\t\t\t\t \n\t\t\t\t<div class=\"text-item\"  >WELCOME TO <b>SSAC<\/b><\/div>    \n\t\t\t\t\t\t\t\t \n\t\t\t\t<div class=\"text-item\"  >Gi\u1ea3i ph\u00e1p <b>Ph\u00e1p L\u00fd<\/b><\/div>    \n\t\t\t\t\t\t\t\t \n\t\t\t\t<div class=\"text-item\"  >An to\u00e0n <b>Kinh Doanh<\/b><\/div>    \n\t\t\t\t\t\t\t\t \n\t\t\t\t<div class=\"text-item\"  >V\u1eefng tin <b>Cu\u1ed9c S\u1ed1ng<\/b><\/div>    \n\t\t\t        <\/div>\n        <div class=\"spacer-double\"><\/div>\n        <div class=\"cleafix\"><\/div>\n            <\/div>\n   \n[\/vc_column][\/vc_row][vc_row el_class=&#8221;home-box-3&#8243;][vc_column el_class=&#8221;mt-70&#8243;]\t<!-- Element: OT Featured Boxes 2 --> \n   <div class=\"row\">\n            \t<div class=\" wow fadeInRight col-md-4 text-middle\" data-wow-delay=\"1s\" >\n            <div class=\"shadow-soft\" data-bgimage=\"url(https:\/\/luatsu-ssac.group\/wp-content\/uploads\/2021\/04\/home_1.jpg)\">\n                <div class=\"padding40 overlay60\">\n                    <h3>S\u1ee9 m\u1ec7nh<\/h3>                \t<p>Nhi\u1ec7m v\u1ee5 c\u1ee7a SSAC l\u00e0 b\u1ea3o v\u1ec7 t\u1ed1i \u0111a quy\u1ec1n, l\u1ee3i \u00edch h\u1ee3p ph\u00e1p c\u1ee7a kh\u00e1ch h\u00e0ng trong t\u1ea5t c\u1ea3 c\u00e1c tranh ch\u1ea5p ho\u1eb7c nh\u1eefng v\u1ea5n \u0111\u1ec1 ph\u00e1t sinh trong cu\u1ed9c s\u1ed1ng tr\u00ean tinh th\u1ea7n th\u01b0\u1ee3ng t\u00f4n ph\u00e1p lu\u1eadt.<\/p>                                    <\/div>\n            <\/div>\n        <\/div>\n            \t<div class=\" wow fadeInRight col-md-4 text-middle\" data-wow-delay=\"2s\" >\n            <div class=\"shadow-soft\" data-bgimage=\"url(https:\/\/luatsu-ssac.group\/wp-content\/uploads\/2021\/04\/home-2.jpg)\">\n                <div class=\"padding40 overlay60\">\n                    <h3>Ni\u1ec1m tin<\/h3>                \t<p>Ni\u1ec1m tin m\u00e0 SSAC d\u00e0nh cho kh\u00e1ch h\u00e0ng \u0111\u00f3 l\u00e0 s\u1ef1 g\u1eafn k\u1ebft, l\u1eafng nghe v\u00e0 b\u1ea3o m\u1eadt m\u1ecdi th\u00f4ng tin ri\u00eang t\u01b0 \u1edf m\u1ee9c cao nh\u1ea5t. V\u1edbi gi\u00e1 tr\u1ecb c\u1ed1t l\u00f5i \"ni\u1ec1m tin, g\u1eafn k\u1ebft l\u00e0 con \u0111\u01b0\u1eddng \u0111\u1ebfn th\u00e0nh c\u00f4ng\"<\/p>                                    <\/div>\n            <\/div>\n        <\/div>\n            \t<div class=\" wow fadeInRight col-md-4 text-middle\" data-wow-delay=\"3s\" >\n            <div class=\"shadow-soft\" data-bgimage=\"url(https:\/\/luatsu-ssac.group\/wp-content\/uploads\/2021\/04\/home-3.jpg)\">\n                <div class=\"padding40 overlay60\">\n                    <h3>Hi\u1ec7u qu\u1ea3<\/h3>                \t<p>Hi\u1ec7u qu\u1ea3 c\u1ee7a SSAC \u0111\u01b0\u1ee3c t\u00ednh b\u1eb1ng th\u01b0\u1edbc \u0111o c\u1ee7a l\u00f2ng t\u1eadn t\u1ee5y, s\u1ef1 \u0111\u1ed3ng h\u00e0nh v\u00e0 cam k\u1ebft g\u1eafn b\u00f3 c\u00f9ng kh\u00e1ch h\u00e0ng trong m\u1ecdi ho\u00e0n c\u1ea3nh d\u00f9 l\u00e0 kh\u00f3 kh\u0103n nh\u1ea5t.<\/p>                                    <\/div>\n            <\/div>\n        <\/div>\n         <\/div>\n\n[\/vc_column][\/vc_row][vc_row css=&#8221;.vc_custom_1464253427198{padding-top: 90px !important;padding-bottom: 90px !important;}&#8221;][vc_column width=&#8221;1\/3&#8243; animate=&#8221;fadeinup&#8221; delay=&#8221;0&#8243;]\t\t\n\t<!-- OT Info Apps 2 -->\n    <div class=\" box-icon \">\n\t     \n\t    \t<span class=\"icon wow fadeIn\" data-wow-delay=&quot;.5s&quot;>\n\t        \t<i class=\"id-color icon-puzzle\" ><\/i>\n\t        <\/span>\n\t       \n        <div class=\"text\">\n            <h3>Mua b\u00e1n & S\u00e1p nh\u1eadp<\/h3>\n            <p>N\u1eafm r\u00f5 gi\u00e1 tr\u1ecb th\u01b0\u01a1ng v\u1ee5 v\u00e0 c\u00e1ch th\u1ee9c ho\u00e0n h\u1ea3o \u0111\u1ec3 c\u00e1c b\u00ean h\u00e0i l\u00f2ng trong giao d\u1ecbch l\u00e0 \u01b0u \u0111i\u1ec3m c\u1ee7a SSAC<\/p>\n                    <\/div>        \n    <\/div>    \n\n[\/vc_column][vc_column width=&#8221;1\/3&#8243; animate=&#8221;fadeinup&#8221; delay=&#8221;.25&#8243;]\t\t\n\t<!-- OT Info Apps 2 -->\n    <div class=\" box-icon \">\n\t     \n\t    \t<span class=\"icon wow fadeIn\" data-wow-delay=&quot;.75s&quot;>\n\t        \t<i class=\"id-color icon-profile-male\" ><\/i>\n\t        <\/span>\n\t       \n        <div class=\"text\">\n            <h3>S\u1edf h\u1eefu tr\u00ed tu\u1ec7<\/h3>\n            <p>V\u1edbi \u0111\u1ed9i ng\u0169 nh\u00e2n s\u1ef1 c\u00f3 \u0111\u1ee7 b\u1eb1ng c\u1ea5p \u0111\u1ea1i di\u1ec7n \u0111\u01a1n b\u1ea3o h\u1ed9, ch\u00fang t\u00f4i \u0111\u1ea3m b\u1ea3o m\u1ecdi gi\u00e1 tr\u1ecb tr\u00ed tu\u1ec7 c\u1ee7a kh\u00e1ch h\u00e0ng \u0111\u01b0\u1ee3c \u01b0u ti\u00ean cao nh\u1ea5t<\/p>\n                    <\/div>        \n    <\/div>    \n\n[\/vc_column][vc_column width=&#8221;1\/3&#8243; animate=&#8221;fadeinup&#8221; delay=&#8221;.75&#8243;]\t\t\n\t<!-- OT Info Apps 2 -->\n    <div class=\" box-icon \">\n\t     \n\t    \t<span class=\"icon wow fadeIn\" data-wow-delay=&quot;1.25s&quot;>\n\t        \t<i class=\"id-color icon-documents\" ><\/i>\n\t        <\/span>\n\t       \n        <div class=\"text\">\n            <h3>Thu\u1ebf v\u00e0 th\u01b0\u01a1ng m\u1ea1i<\/h3>\n            <p>N\u1eafm r\u00f5 ch\u00ednh s\u00e1ch thu\u1ebf v\u00e0 \u0111\u1ed3ng h\u00e0nh c\u00f9ng ho\u1ea1t \u0111\u1ed9ng kinh doanh c\u1ee7a kh\u00e1ch h\u00e0ng l\u00e0 \u0111i\u1ec1u ki\u1ec7n v\u1eefng ch\u1eafc \u0111\u1ec3 kh\u00e1ch h\u00e0ng kh\u00f4ng ph\u1ea3i g\u1eb7p r\u1eafc r\u1ed1i v\u1ec1 s\u1ef1 ch\u1ed3ng ch\u00e9o c\u00e1c lo\u1ea1i thu\u1ebf<\/p>\n                    <\/div>        \n    <\/div>    \n\n[\/vc_column][vc_column][vc_empty_space height=&#8221;30px&#8221;][\/vc_column][vc_column width=&#8221;1\/3&#8243; animate=&#8221;fadeinup&#8221; delay=&#8221;.5&#8243;]\t\t\n\t<!-- OT Info Apps 2 -->\n    <div class=\" box-icon \">\n\t     \n\t    \t<span class=\"icon wow fadeIn\" data-wow-delay=&quot;1s&quot;>\n\t        \t<i class=\"id-color icon-grid\" ><\/i>\n\t        <\/span>\n\t       \n        <div class=\"text\">\n            <h3>X\u00e2y d\u1ef1ng, d\u1ef1 th\u1ea7u & BDS<\/h3>\n            <p>SSAC hi\u1ec3u \u0111\u01b0\u1ee3c mong mu\u1ed1n c\u1ee7a kh\u00e1ch h\u00e0ng trong vi\u1ec7c t\u1ed1i \u0111a \u01b0u th\u1ebf c\u1ea1nh tranh \u0111\u1ec3 c\u00f3 \u0111\u01b0\u1ee3c d\u1ef1 \u00e1n ho\u00e0n h\u1ea3o, c\u00e1ch th\u1ee9c ti\u1ebfp c\u1eadn l\u00e0 ph\u01b0\u01a1ng th\u1ee9c \u01b0u vi\u1ec7t m\u00e0 ssa ph\u1ee5c v\u1ee5<\/p>\n                    <\/div>        \n    <\/div>    \n\n[\/vc_column][vc_column width=&#8221;1\/3&#8243; animate=&#8221;fadeinup&#8221; delay=&#8221;1&#8243;]\t\t\n\t<!-- OT Info Apps 2 -->\n    <div class=\" box-icon \">\n\t     \n\t    \t<span class=\"icon wow fadeIn\" data-wow-delay=&quot;1.5s&quot;>\n\t        \t<i class=\"id-color icon-briefcase\" ><\/i>\n\t        <\/span>\n\t       \n        <div class=\"text\">\n            <h3>Ng\u00e2n h\u00e0ng<\/h3>\n            <p>Am t\u01b0\u1eddng c\u00e1c ch\u00ednh s\u00e1ch chuy\u00ean bi\u1ec7t t\u1eeb ng\u00e2n h\u00e0ng Nh\u00e0 n\u01b0\u1edbc l\u00e0 c\u1ea7u n\u1ed1i nhanh nh\u1ea5t c\u1ee7a ssa \u0111\u1ec3 gi\u00fap kh\u00e1ch h\u00e0ng c\u00f3 \u0111\u01b0\u01a1c ngu\u1ed3n v\u1ed1n nhanh v\u00e0 c\u1ea1nh tranh nh\u1ea5t<\/p>\n                    <\/div>        \n    <\/div>    \n\n[\/vc_column][vc_column width=&#8221;1\/3&#8243; animate=&#8221;fadeinup&#8221; delay=&#8221;1.25&#8243;]\t\t\n\t<!-- OT Info Apps 2 -->\n    <div class=\" box-icon \">\n\t     \n\t    \t<span class=\"icon wow fadeIn\" data-wow-delay=&quot;1.75s&quot;>\n\t        \t<i class=\"id-color icon-map-pin\" ><\/i>\n\t        <\/span>\n\t       \n        <div class=\"text\">\n            <h3>B\u1ea5t \u0111\u1ed9ng s\u1ea3n<\/h3>\n            <p>N\u1eafm r\u00f5 c\u01a1 ch\u1ebf c\u00e1c d\u1ef1 \u00e1n v\u00e0 quy ho\u1ea1ch l\u00e0 th\u1ebf m\u1ea1nh \u0111\u1ec3 gi\u00fap kh\u00e1ch h\u00e0ng ti\u1ebfp c\u1eadn \u0111\u01b0\u1ee3c c\u00e1c v\u1ecb tr\u00ed thu\u1eadn l\u1ee3i v\u00e0 gi\u00e1 tr\u1ecb<\/p>\n                    <\/div>        \n    <\/div>    \n\n[\/vc_column][\/vc_row][vc_row css=&#8221;.vc_custom_1634828098871{padding-top: 90px !important;padding-bottom: 90px !important;background-image: url(https:\/\/luatsu-ssac.group\/wp-content\/uploads\/2016\/10\/bg-17.jpg?id=1021) !important;}&#8221; el_class=&#8221;text-light bg-fixed&#8221;][vc_column width=&#8221;1\/2&#8243;][vc_column_text]<\/p>\n<h2>SSAC &#8211; YOUR LEGAL SOLUTION<\/h2>\n<p class=\"lead\">C\u00f4ng ty Lu\u1eadt TNHH Nam Thi\u00ean (SouthernSky Associates \u2013 SSAC) \u0111\u01b0\u1ee3c th\u00e0nh l\u1eadp b\u1edfi \u0111\u1ed9i ng\u0169 c\u00e1c Chuy\u00ean gia, Lu\u1eadt s\u01b0 gi\u00e0u kinh nghi\u1ec7m v\u00e0 am hi\u1ec3u th\u1ecb tr\u01b0\u1eddng c\u0169ng nh\u01b0 ph\u00e1p lu\u1eadt Vi\u1ec7t Nam v\u00e0 n\u01b0\u1edbc ngo\u00e0i. Chuy\u00ean gia, Lu\u1eadt s\u01b0 c\u1ee7a SSAC \u0111\u00e3 tham gia t\u01b0 v\u1ea5n h\u00e0ng lo\u1ea1t giao d\u1ecbch, \u0111\u1ea1i di\u1ec7n cho nhi\u1ec1u v\u1ee5 ki\u1ec7n v\u00e0 t\u01b0 v\u1ea5n gi\u1ea3i quy\u1ebft th\u00e0nh c\u00f4ng nhi\u1ec1u tranh ch\u1ea5p c\u00f3 t\u00ednh ph\u1ee9c t\u1ea1p cao ho\u1eb7c \u0111\u00f2i h\u1ecfi c\u00e1c y\u1ebfu t\u1ed1 can thi\u1ec7p nhi\u1ec1u t\u1eeb ph\u00eda c\u01a1 quan ch\u1ee9c n\u0103ng Nh\u00e0 n\u01b0\u1edbc.<\/p>\n<p>T\u1ea5t c\u1ea3 c\u00e1c nh\u00e2n s\u1ef1 c\u1ee7a SSAC \u0111\u1ec1u \u0111\u01b0\u1ee3c \u0111\u00e0o t\u1ea1o ch\u00ednh quy, t\u1ed1t nghi\u1ec7p t\u1eeb c\u00e1c tr\u01b0\u1eddng \u0110\u1ea1i h\u1ecdc, H\u1ecdc vi\u1ec7n danh ti\u1ebfng trong v\u00e0 ngo\u00e0i n\u01b0\u1edbc. K\u1ef9 n\u0103ng ngh\u1ec1 nghi\u1ec7p chuy\u00ean s\u00e2u trong t\u1ea5t c\u1ea3 c\u1ea3 l\u0129nh v\u1ef1c ph\u00e1p l\u00fd bao g\u1ed3m t\u01b0 v\u1ea5n v\u00e0 tranh t\u1ee5ng ch\u00ednh l\u00e0 y\u1ebfu t\u1ed1 t\u1ea1o n\u00ean s\u1ef1 kh\u00e1c bi\u1ec7t c\u1ee7a SSAC[\/vc_column_text][\/vc_column][vc_column width=&#8221;1\/2&#8243;][vc_single_image image=&#8221;1443&#8243; img_size=&#8221;full&#8221; css=&#8221;.vc_custom_1713350948834{margin-bottom: 0px !important;}&#8221;][\/vc_column][\/vc_row][vc_row el_class=&#8221;bg-color text-dark text-center&#8221; css=&#8221;.vc_custom_1480073166455{padding-top: 40px !important;padding-bottom: 40px !important;}&#8221;][vc_column]<!-- Element: OT Typing Text -->\n<div class=\"typing-wrap \"  data-id=\"69f3d9d058152\" data-cursorchar=\"|\" data-speed=\"100\" data-delay=\"1500\">\n    \t<div class=\"typed-strings\">\n\t\t\t\t\t<p >Gi\u1ea3i ph\u00e1p ph\u00e1p l\u00fd<\/p>\t\n\t\t\t\t\t<p >Gi\u1eef v\u1eefng m\u1ecdi gi\u00e1 tr\u1ecb b\u1eb1ng ph\u00e1p lu\u1eadt<\/p>\t\n\t\t\t\t\t\t\t\t\t\t\n\t<\/div>\n    <span class=\"typed-69f3d9d058152\"><\/span>\n<\/div>\n\n[\/vc_column][\/vc_row]<\/p>\n","protected":false},"excerpt":{"rendered":"<p>[vc_row fullwidth=&#8221;yes&#8221; archi_fullheight=&#8221;yes&#8221; archi_parallax=&#8221;yes&#8221; css=&#8221;.vc_custom_1713351840918{padding-top: 90px !important;padding-bottom: 90px !important;background-image: url(https:\/\/luatsu-ssac.group\/wp-content\/uploads\/2021\/04\/ssac_banner_01.jpg?id=1404) !important;}&#8221; el_class=&#8221;no-relative full-height&#8221;][vc_column][\/vc_column][\/vc_row][vc_row el_class=&#8221;home-box-3&#8243;][vc_column el_class=&#8221;mt-70&#8243;][\/vc_column][\/vc_row][vc_row css=&#8221;.vc_custom_1464253427198{padding-top: 90px !important;padding-bottom: 90px !important;}&#8221;][vc_column width=&#8221;1\/3&#8243; animate=&#8221;fadeinup&#8221; delay=&#8221;0&#8243;][\/vc_column][vc_column width=&#8221;1\/3&#8243; animate=&#8221;fadeinup&#8221; delay=&#8221;.25&#8243;][\/vc_column][vc_column width=&#8221;1\/3&#8243; animate=&#8221;fadeinup&#8221; delay=&#8221;.75&#8243;][\/vc_column][vc_column][vc_empty_space height=&#8221;30px&#8221;][\/vc_column][vc_column width=&#8221;1\/3&#8243; animate=&#8221;fadeinup&#8221; delay=&#8221;.5&#8243;][\/vc_column][vc_column width=&#8221;1\/3&#8243; animate=&#8221;fadeinup&#8221; delay=&#8221;1&#8243;][\/vc_column][vc_column width=&#8221;1\/3&#8243; animate=&#8221;fadeinup&#8221; delay=&#8221;1.25&#8243;][\/vc_column][\/vc_row][vc_row css=&#8221;.vc_custom_1634828098871{padding-top: 90px !important;padding-bottom: 90px !important;background-image: url(https:\/\/luatsu-ssac.group\/wp-content\/uploads\/2016\/10\/bg-17.jpg?id=1021) !important;}&#8221; el_class=&#8221;text-light bg-fixed&#8221;][vc_column width=&#8221;1\/2&#8243;][vc_column_text] SSAC &#8211; YOUR LEGAL SOLUTION C\u00f4ng [&hellip;]<\/p>\n","protected":false},"author":2,"featured_media":0,"parent":0,"menu_order":0,"comment_status":"closed","ping_status":"closed","template":"page-templates\/template-canvas.php","meta":{"footnotes":""},"class_list":["post-1073","page","type-page","status-publish","hentry"],"_links":{"self":[{"href":"https:\/\/luatsu-ssac.group\/index.php?rest_route=\/wp\/v2\/pages\/1073","targetHints":{"allow":["GET"]}}],"collection":[{"href":"https:\/\/luatsu-ssac.group\/index.php?rest_route=\/wp\/v2\/pages"}],"about":[{"href":"https:\/\/luatsu-ssac.group\/index.php?rest_route=\/wp\/v2\/types\/page"}],"author":[{"embeddable":true,"href":"https:\/\/luatsu-ssac.group\/index.php?rest_route=\/wp\/v2\/users\/2"}],"replies":[{"embeddable":true,"href":"https:\/\/luatsu-ssac.group\/index.php?rest_route=%2Fwp%2Fv2%2Fcomments&post=1073"}],"version-history":[{"count":47,"href":"https:\/\/luatsu-ssac.group\/index.php?rest_route=\/wp\/v2\/pages\/1073\/revisions"}],"predecessor-version":[{"id":1882,"href":"https:\/\/luatsu-ssac.group\/index.php?rest_route=\/wp\/v2\/pages\/1073\/revisions\/1882"}],"wp:attachment":[{"href":"https:\/\/luatsu-ssac.group\/index.php?rest_route=%2Fwp%2Fv2%2Fmedia&parent=1073"}],"curies":[{"name":"wp","href":"https:\/\/api.w.org\/{rel}","templated":true}]}}